{"id":6791,"date":"2024-11-28T11:48:14","date_gmt":"2024-11-28T10:48:14","guid":{"rendered":"https:\/\/www.henaff.com\/our-products\/"},"modified":"2024-11-28T11:48:14","modified_gmt":"2024-11-28T10:48:14","slug":"our-products","status":"publish","type":"page","link":"https:\/\/www.henaff.com\/en\/our-products\/","title":{"rendered":"Our products"},"content":{"rendered":"","protected":false},"excerpt":{"rendered":"","protected":false},"author":24,"featured_media":5298,"parent":0,"menu_order":0,"comment_status":"closed","ping_status":"closed","template":"page-templates\/template_gamme_2.php","meta":{"_acf_changed":false,"inline_featured_image":false,"footnotes":""},"class_list":["post-6791","page","type-page","status-publish","has-post-thumbnail","hentry"],"acf":[],"yoast_head":"<!-- This site is optimized with the Yoast SEO plugin v27.3 - https:\/\/yoast.com\/product\/yoast-seo-wordpress\/ -->\n<title>H\u00e9naff product ranges: p\u00e2t\u00e9s, terrines, sausages...<\/title>\n<meta name=\"description\" content=\"Find all H\u00e9naff products: the famous H\u00e9naff p\u00e2t\u00e9, as well as sausages, rillettes and terrines, spreads, palets, etc.\" \/>\n<meta name=\"robots\" content=\"index, follow, max-snippet:-1, max-image-preview:large, max-video-preview:-1\" \/>\n<link rel=\"canonical\" href=\"https:\/\/www.henaff.com\/en\/our-products\/\" \/>\n<meta property=\"og:locale\" content=\"en_US\" \/>\n<meta property=\"og:type\" content=\"article\" \/>\n<meta property=\"og:title\" content=\"H\u00e9naff product ranges: p\u00e2t\u00e9s, terrines, sausages...\" \/>\n<meta property=\"og:description\" content=\"Find all H\u00e9naff products: the famous H\u00e9naff p\u00e2t\u00e9, as well as sausages, rillettes and terrines, spreads, palets, etc.\" \/>\n<meta property=\"og:url\" content=\"https:\/\/www.henaff.com\/en\/our-products\/\" \/>\n<meta property=\"og:site_name\" content=\"H\u00e9naff\" \/>\n<meta property=\"og:image\" content=\"https:\/\/www.henaff.com\/wp-content\/uploads\/2018\/04\/Produits_H\u00e9naff.jpeg\" \/>\n\t<meta property=\"og:image:width\" content=\"1280\" \/>\n\t<meta property=\"og:image:height\" content=\"384\" \/>\n\t<meta property=\"og:image:type\" content=\"image\/jpeg\" \/>\n<meta name=\"twitter:card\" content=\"summary_large_image\" \/>\n<script type=\"application\/ld+json\" class=\"yoast-schema-graph\">{\"@context\":\"https:\\\/\\\/schema.org\",\"@graph\":[{\"@type\":\"WebPage\",\"@id\":\"https:\\\/\\\/www.henaff.com\\\/en\\\/our-products\\\/\",\"url\":\"https:\\\/\\\/www.henaff.com\\\/en\\\/our-products\\\/\",\"name\":\"H\u00e9naff product ranges: p\u00e2t\u00e9s, terrines, sausages...\",\"isPartOf\":{\"@id\":\"https:\\\/\\\/www.henaff.com\\\/en\\\/#website\"},\"primaryImageOfPage\":{\"@id\":\"https:\\\/\\\/www.henaff.com\\\/en\\\/our-products\\\/#primaryimage\"},\"image\":{\"@id\":\"https:\\\/\\\/www.henaff.com\\\/en\\\/our-products\\\/#primaryimage\"},\"thumbnailUrl\":\"https:\\\/\\\/www.henaff.com\\\/wp-content\\\/uploads\\\/2018\\\/04\\\/Produits_H\u00e9naff.jpeg\",\"datePublished\":\"2024-11-28T10:48:14+00:00\",\"description\":\"Find all H\u00e9naff products: the famous H\u00e9naff p\u00e2t\u00e9, as well as sausages, rillettes and terrines, spreads, palets, etc.\",\"breadcrumb\":{\"@id\":\"https:\\\/\\\/www.henaff.com\\\/en\\\/our-products\\\/#breadcrumb\"},\"inLanguage\":\"en-US\",\"potentialAction\":[{\"@type\":\"ReadAction\",\"target\":[\"https:\\\/\\\/www.henaff.com\\\/en\\\/our-products\\\/\"]}]},{\"@type\":\"ImageObject\",\"inLanguage\":\"en-US\",\"@id\":\"https:\\\/\\\/www.henaff.com\\\/en\\\/our-products\\\/#primaryimage\",\"url\":\"https:\\\/\\\/www.henaff.com\\\/wp-content\\\/uploads\\\/2018\\\/04\\\/Produits_H\u00e9naff.jpeg\",\"contentUrl\":\"https:\\\/\\\/www.henaff.com\\\/wp-content\\\/uploads\\\/2018\\\/04\\\/Produits_H\u00e9naff.jpeg\",\"width\":1280,\"height\":384,\"caption\":\"Produits H\u00e9naff\"},{\"@type\":\"BreadcrumbList\",\"@id\":\"https:\\\/\\\/www.henaff.com\\\/en\\\/our-products\\\/#breadcrumb\",\"itemListElement\":[{\"@type\":\"ListItem\",\"position\":1,\"name\":\"Accueil\",\"item\":\"https:\\\/\\\/www.henaff.com\\\/en\\\/\"},{\"@type\":\"ListItem\",\"position\":2,\"name\":\"Our products\"}]},{\"@type\":\"WebSite\",\"@id\":\"https:\\\/\\\/www.henaff.com\\\/en\\\/#website\",\"url\":\"https:\\\/\\\/www.henaff.com\\\/en\\\/\",\"name\":\"H\u00e9naff\",\"description\":\"Fabricant-cr\u00e9ateur breton de produits agro-alimentaires de haute qualit\u00e9 depuis 1907\",\"potentialAction\":[{\"@type\":\"SearchAction\",\"target\":{\"@type\":\"EntryPoint\",\"urlTemplate\":\"https:\\\/\\\/www.henaff.com\\\/en\\\/?s={search_term_string}\"},\"query-input\":{\"@type\":\"PropertyValueSpecification\",\"valueRequired\":true,\"valueName\":\"search_term_string\"}}],\"inLanguage\":\"en-US\"}]}<\/script>\n<!-- \/ Yoast SEO plugin. -->","yoast_head_json":{"title":"H\u00e9naff product ranges: p\u00e2t\u00e9s, terrines, sausages...","description":"Find all H\u00e9naff products: the famous H\u00e9naff p\u00e2t\u00e9, as well as sausages, rillettes and terrines, spreads, palets, etc.","robots":{"index":"index","follow":"follow","max-snippet":"max-snippet:-1","max-image-preview":"max-image-preview:large","max-video-preview":"max-video-preview:-1"},"canonical":"https:\/\/www.henaff.com\/en\/our-products\/","og_locale":"en_US","og_type":"article","og_title":"H\u00e9naff product ranges: p\u00e2t\u00e9s, terrines, sausages...","og_description":"Find all H\u00e9naff products: the famous H\u00e9naff p\u00e2t\u00e9, as well as sausages, rillettes and terrines, spreads, palets, etc.","og_url":"https:\/\/www.henaff.com\/en\/our-products\/","og_site_name":"H\u00e9naff","og_image":[{"width":1280,"height":384,"url":"https:\/\/www.henaff.com\/wp-content\/uploads\/2018\/04\/Produits_H\u00e9naff.jpeg","type":"image\/jpeg"}],"twitter_card":"summary_large_image","schema":{"@context":"https:\/\/schema.org","@graph":[{"@type":"WebPage","@id":"https:\/\/www.henaff.com\/en\/our-products\/","url":"https:\/\/www.henaff.com\/en\/our-products\/","name":"H\u00e9naff product ranges: p\u00e2t\u00e9s, terrines, sausages...","isPartOf":{"@id":"https:\/\/www.henaff.com\/en\/#website"},"primaryImageOfPage":{"@id":"https:\/\/www.henaff.com\/en\/our-products\/#primaryimage"},"image":{"@id":"https:\/\/www.henaff.com\/en\/our-products\/#primaryimage"},"thumbnailUrl":"https:\/\/www.henaff.com\/wp-content\/uploads\/2018\/04\/Produits_H\u00e9naff.jpeg","datePublished":"2024-11-28T10:48:14+00:00","description":"Find all H\u00e9naff products: the famous H\u00e9naff p\u00e2t\u00e9, as well as sausages, rillettes and terrines, spreads, palets, etc.","breadcrumb":{"@id":"https:\/\/www.henaff.com\/en\/our-products\/#breadcrumb"},"inLanguage":"en-US","potentialAction":[{"@type":"ReadAction","target":["https:\/\/www.henaff.com\/en\/our-products\/"]}]},{"@type":"ImageObject","inLanguage":"en-US","@id":"https:\/\/www.henaff.com\/en\/our-products\/#primaryimage","url":"https:\/\/www.henaff.com\/wp-content\/uploads\/2018\/04\/Produits_H\u00e9naff.jpeg","contentUrl":"https:\/\/www.henaff.com\/wp-content\/uploads\/2018\/04\/Produits_H\u00e9naff.jpeg","width":1280,"height":384,"caption":"Produits H\u00e9naff"},{"@type":"BreadcrumbList","@id":"https:\/\/www.henaff.com\/en\/our-products\/#breadcrumb","itemListElement":[{"@type":"ListItem","position":1,"name":"Accueil","item":"https:\/\/www.henaff.com\/en\/"},{"@type":"ListItem","position":2,"name":"Our products"}]},{"@type":"WebSite","@id":"https:\/\/www.henaff.com\/en\/#website","url":"https:\/\/www.henaff.com\/en\/","name":"H\u00e9naff","description":"Fabricant-cr\u00e9ateur breton de produits agro-alimentaires de haute qualit\u00e9 depuis 1907","potentialAction":[{"@type":"SearchAction","target":{"@type":"EntryPoint","urlTemplate":"https:\/\/www.henaff.com\/en\/?s={search_term_string}"},"query-input":{"@type":"PropertyValueSpecification","valueRequired":true,"valueName":"search_term_string"}}],"inLanguage":"en-US"}]}},"_links":{"self":[{"href":"https:\/\/www.henaff.com\/en\/wp-json\/wp\/v2\/pages\/6791","targetHints":{"allow":["GET"]}}],"collection":[{"href":"https:\/\/www.henaff.com\/en\/wp-json\/wp\/v2\/pages"}],"about":[{"href":"https:\/\/www.henaff.com\/en\/wp-json\/wp\/v2\/types\/page"}],"author":[{"embeddable":true,"href":"https:\/\/www.henaff.com\/en\/wp-json\/wp\/v2\/users\/24"}],"replies":[{"embeddable":true,"href":"https:\/\/www.henaff.com\/en\/wp-json\/wp\/v2\/comments?post=6791"}],"version-history":[{"count":0,"href":"https:\/\/www.henaff.com\/en\/wp-json\/wp\/v2\/pages\/6791\/revisions"}],"wp:featuredmedia":[{"embeddable":true,"href":"https:\/\/www.henaff.com\/en\/wp-json\/wp\/v2\/media\/5298"}],"wp:attachment":[{"href":"https:\/\/www.henaff.com\/en\/wp-json\/wp\/v2\/media?parent=6791"}],"curies":[{"name":"wp","href":"https:\/\/api.w.org\/{rel}","templated":true}]}}