{"id":6798,"date":"2024-11-28T11:48:50","date_gmt":"2024-11-28T10:48:50","guid":{"rendered":"https:\/\/www.henaff.com\/henaff-moments\/"},"modified":"2024-11-28T11:48:50","modified_gmt":"2024-11-28T10:48:50","slug":"henaff-moments","status":"publish","type":"page","link":"https:\/\/www.henaff.com\/en\/henaff-moments\/","title":{"rendered":"H\u00e9naff moments"},"content":{"rendered":"","protected":false},"excerpt":{"rendered":"","protected":false},"author":24,"featured_media":0,"parent":0,"menu_order":0,"comment_status":"closed","ping_status":"closed","template":"archive-news.php","meta":{"_acf_changed":false,"inline_featured_image":false,"footnotes":""},"class_list":["post-6798","page","type-page","status-publish","hentry"],"acf":[],"yoast_head":"<!-- This site is optimized with the Yoast SEO plugin v27.3 - https:\/\/yoast.com\/product\/yoast-seo-wordpress\/ -->\n<title>Les instants H\u00e9naff: the French market leader in canned p\u00e2t\u00e9s<\/title>\n<meta name=\"description\" content=\"Discover on this page: Les instants H\u00e9naff. News, advice and other information on the world of H\u00e9naff, the group specializing in canned p\u00e2t\u00e9s.\" \/>\n<meta name=\"robots\" content=\"index, follow, max-snippet:-1, max-image-preview:large, max-video-preview:-1\" \/>\n<link rel=\"canonical\" href=\"https:\/\/www.henaff.com\/en\/henaff-moments\/\" \/>\n<meta property=\"og:locale\" content=\"en_US\" \/>\n<meta property=\"og:type\" content=\"article\" \/>\n<meta property=\"og:title\" content=\"Les instants H\u00e9naff: the French market leader in canned p\u00e2t\u00e9s\" \/>\n<meta property=\"og:description\" content=\"Discover on this page: Les instants H\u00e9naff. News, advice and other information on the world of H\u00e9naff, the group specializing in canned p\u00e2t\u00e9s.\" \/>\n<meta property=\"og:url\" content=\"https:\/\/www.henaff.com\/en\/henaff-moments\/\" \/>\n<meta property=\"og:site_name\" content=\"H\u00e9naff\" \/>\n<meta name=\"twitter:card\" content=\"summary_large_image\" \/>\n<script type=\"application\/ld+json\" class=\"yoast-schema-graph\">{\"@context\":\"https:\\\/\\\/schema.org\",\"@graph\":[{\"@type\":\"WebPage\",\"@id\":\"https:\\\/\\\/www.henaff.com\\\/en\\\/henaff-moments\\\/\",\"url\":\"https:\\\/\\\/www.henaff.com\\\/en\\\/henaff-moments\\\/\",\"name\":\"Les instants H\u00e9naff: the French market leader in canned p\u00e2t\u00e9s\",\"isPartOf\":{\"@id\":\"https:\\\/\\\/www.henaff.com\\\/en\\\/#website\"},\"datePublished\":\"2024-11-28T10:48:50+00:00\",\"description\":\"Discover on this page: Les instants H\u00e9naff. News, advice and other information on the world of H\u00e9naff, the group specializing in canned p\u00e2t\u00e9s.\",\"breadcrumb\":{\"@id\":\"https:\\\/\\\/www.henaff.com\\\/en\\\/henaff-moments\\\/#breadcrumb\"},\"inLanguage\":\"en-US\",\"potentialAction\":[{\"@type\":\"ReadAction\",\"target\":[\"https:\\\/\\\/www.henaff.com\\\/en\\\/henaff-moments\\\/\"]}]},{\"@type\":\"BreadcrumbList\",\"@id\":\"https:\\\/\\\/www.henaff.com\\\/en\\\/henaff-moments\\\/#breadcrumb\",\"itemListElement\":[{\"@type\":\"ListItem\",\"position\":1,\"name\":\"Accueil\",\"item\":\"https:\\\/\\\/www.henaff.com\\\/en\\\/\"},{\"@type\":\"ListItem\",\"position\":2,\"name\":\"H\u00e9naff moments\"}]},{\"@type\":\"WebSite\",\"@id\":\"https:\\\/\\\/www.henaff.com\\\/en\\\/#website\",\"url\":\"https:\\\/\\\/www.henaff.com\\\/en\\\/\",\"name\":\"H\u00e9naff\",\"description\":\"Fabricant-cr\u00e9ateur breton de produits agro-alimentaires de haute qualit\u00e9 depuis 1907\",\"potentialAction\":[{\"@type\":\"SearchAction\",\"target\":{\"@type\":\"EntryPoint\",\"urlTemplate\":\"https:\\\/\\\/www.henaff.com\\\/en\\\/?s={search_term_string}\"},\"query-input\":{\"@type\":\"PropertyValueSpecification\",\"valueRequired\":true,\"valueName\":\"search_term_string\"}}],\"inLanguage\":\"en-US\"}]}<\/script>\n<!-- \/ Yoast SEO plugin. -->","yoast_head_json":{"title":"Les instants H\u00e9naff: the French market leader in canned p\u00e2t\u00e9s","description":"Discover on this page: Les instants H\u00e9naff. News, advice and other information on the world of H\u00e9naff, the group specializing in canned p\u00e2t\u00e9s.","robots":{"index":"index","follow":"follow","max-snippet":"max-snippet:-1","max-image-preview":"max-image-preview:large","max-video-preview":"max-video-preview:-1"},"canonical":"https:\/\/www.henaff.com\/en\/henaff-moments\/","og_locale":"en_US","og_type":"article","og_title":"Les instants H\u00e9naff: the French market leader in canned p\u00e2t\u00e9s","og_description":"Discover on this page: Les instants H\u00e9naff. News, advice and other information on the world of H\u00e9naff, the group specializing in canned p\u00e2t\u00e9s.","og_url":"https:\/\/www.henaff.com\/en\/henaff-moments\/","og_site_name":"H\u00e9naff","twitter_card":"summary_large_image","schema":{"@context":"https:\/\/schema.org","@graph":[{"@type":"WebPage","@id":"https:\/\/www.henaff.com\/en\/henaff-moments\/","url":"https:\/\/www.henaff.com\/en\/henaff-moments\/","name":"Les instants H\u00e9naff: the French market leader in canned p\u00e2t\u00e9s","isPartOf":{"@id":"https:\/\/www.henaff.com\/en\/#website"},"datePublished":"2024-11-28T10:48:50+00:00","description":"Discover on this page: Les instants H\u00e9naff. News, advice and other information on the world of H\u00e9naff, the group specializing in canned p\u00e2t\u00e9s.","breadcrumb":{"@id":"https:\/\/www.henaff.com\/en\/henaff-moments\/#breadcrumb"},"inLanguage":"en-US","potentialAction":[{"@type":"ReadAction","target":["https:\/\/www.henaff.com\/en\/henaff-moments\/"]}]},{"@type":"BreadcrumbList","@id":"https:\/\/www.henaff.com\/en\/henaff-moments\/#breadcrumb","itemListElement":[{"@type":"ListItem","position":1,"name":"Accueil","item":"https:\/\/www.henaff.com\/en\/"},{"@type":"ListItem","position":2,"name":"H\u00e9naff moments"}]},{"@type":"WebSite","@id":"https:\/\/www.henaff.com\/en\/#website","url":"https:\/\/www.henaff.com\/en\/","name":"H\u00e9naff","description":"Fabricant-cr\u00e9ateur breton de produits agro-alimentaires de haute qualit\u00e9 depuis 1907","potentialAction":[{"@type":"SearchAction","target":{"@type":"EntryPoint","urlTemplate":"https:\/\/www.henaff.com\/en\/?s={search_term_string}"},"query-input":{"@type":"PropertyValueSpecification","valueRequired":true,"valueName":"search_term_string"}}],"inLanguage":"en-US"}]}},"_links":{"self":[{"href":"https:\/\/www.henaff.com\/en\/wp-json\/wp\/v2\/pages\/6798","targetHints":{"allow":["GET"]}}],"collection":[{"href":"https:\/\/www.henaff.com\/en\/wp-json\/wp\/v2\/pages"}],"about":[{"href":"https:\/\/www.henaff.com\/en\/wp-json\/wp\/v2\/types\/page"}],"author":[{"embeddable":true,"href":"https:\/\/www.henaff.com\/en\/wp-json\/wp\/v2\/users\/24"}],"replies":[{"embeddable":true,"href":"https:\/\/www.henaff.com\/en\/wp-json\/wp\/v2\/comments?post=6798"}],"version-history":[{"count":0,"href":"https:\/\/www.henaff.com\/en\/wp-json\/wp\/v2\/pages\/6798\/revisions"}],"wp:attachment":[{"href":"https:\/\/www.henaff.com\/en\/wp-json\/wp\/v2\/media?parent=6798"}],"curies":[{"name":"wp","href":"https:\/\/api.w.org\/{rel}","templated":true}]}}