{"id":6816,"date":"2024-11-28T11:48:57","date_gmt":"2024-11-28T10:48:57","guid":{"rendered":"https:\/\/www.henaff.com\/rillettes-of-meat\/"},"modified":"2024-11-29T17:13:35","modified_gmt":"2024-11-29T16:13:35","slug":"rillettes-of-meat","status":"publish","type":"page","link":"https:\/\/www.henaff.com\/en\/rillettes-of-meat\/","title":{"rendered":"Rillettes of meat"},"content":{"rendered":"<p><strong>Good rillettes just the way we like them&#8230; <\/strong>At H\u00e9naff, our rillettes are made with choice ingredients such as 100% French meat. For a generous texture and gourmet, candied flavors, the meats are gently browned for hours, and everyone agrees! <\/p>\n","protected":false},"excerpt":{"rendered":"<p>Good rillettes just the way we like them&#8230; At H\u00e9naff, [&hellip;]<\/p>\n","protected":false},"author":22,"featured_media":0,"parent":0,"menu_order":0,"comment_status":"closed","ping_status":"closed","template":"page-templates\/template_gamme_2.php","meta":{"_acf_changed":false,"inline_featured_image":false,"footnotes":""},"class_list":["post-6816","page","type-page","status-publish","hentry"],"acf":[],"yoast_head":"<!-- This site is optimized with the Yoast SEO plugin v27.3 - https:\/\/yoast.com\/product\/yoast-seo-wordpress\/ -->\n<title>Rillettes of meat : Pork, Chicken, Duck and Goose - H\u00e9naff<\/title>\n<meta name=\"robots\" content=\"index, follow, max-snippet:-1, max-image-preview:large, max-video-preview:-1\" \/>\n<link rel=\"canonical\" href=\"https:\/\/www.henaff.com\/en\/rillettes-of-meat\/\" \/>\n<meta property=\"og:locale\" content=\"en_US\" \/>\n<meta property=\"og:type\" content=\"article\" \/>\n<meta property=\"og:title\" content=\"Rillettes of meat : Pork, Chicken, Duck and Goose - H\u00e9naff\" \/>\n<meta property=\"og:description\" content=\"Good rillettes just the way we like them&#8230; At H\u00e9naff, [&hellip;]\" \/>\n<meta property=\"og:url\" content=\"https:\/\/www.henaff.com\/en\/rillettes-of-meat\/\" \/>\n<meta property=\"og:site_name\" content=\"H\u00e9naff\" \/>\n<meta property=\"article:modified_time\" content=\"2024-11-29T16:13:35+00:00\" \/>\n<meta name=\"twitter:card\" content=\"summary_large_image\" \/>\n<script type=\"application\/ld+json\" class=\"yoast-schema-graph\">{\"@context\":\"https:\\\/\\\/schema.org\",\"@graph\":[{\"@type\":\"WebPage\",\"@id\":\"https:\\\/\\\/www.henaff.com\\\/en\\\/rillettes-of-meat\\\/\",\"url\":\"https:\\\/\\\/www.henaff.com\\\/en\\\/rillettes-of-meat\\\/\",\"name\":\"Rillettes of meat : Pork, Chicken, Duck and Goose - H\u00e9naff\",\"isPartOf\":{\"@id\":\"https:\\\/\\\/www.henaff.com\\\/en\\\/#website\"},\"datePublished\":\"2024-11-28T10:48:57+00:00\",\"dateModified\":\"2024-11-29T16:13:35+00:00\",\"breadcrumb\":{\"@id\":\"https:\\\/\\\/www.henaff.com\\\/en\\\/rillettes-of-meat\\\/#breadcrumb\"},\"inLanguage\":\"en-US\",\"potentialAction\":[{\"@type\":\"ReadAction\",\"target\":[\"https:\\\/\\\/www.henaff.com\\\/en\\\/rillettes-of-meat\\\/\"]}]},{\"@type\":\"BreadcrumbList\",\"@id\":\"https:\\\/\\\/www.henaff.com\\\/en\\\/rillettes-of-meat\\\/#breadcrumb\",\"itemListElement\":[{\"@type\":\"ListItem\",\"position\":1,\"name\":\"Accueil\",\"item\":\"https:\\\/\\\/www.henaff.com\\\/en\\\/\"},{\"@type\":\"ListItem\",\"position\":2,\"name\":\"Rillettes of meat\"}]},{\"@type\":\"WebSite\",\"@id\":\"https:\\\/\\\/www.henaff.com\\\/en\\\/#website\",\"url\":\"https:\\\/\\\/www.henaff.com\\\/en\\\/\",\"name\":\"H\u00e9naff\",\"description\":\"Fabricant-cr\u00e9ateur breton de produits agro-alimentaires de haute qualit\u00e9 depuis 1907\",\"potentialAction\":[{\"@type\":\"SearchAction\",\"target\":{\"@type\":\"EntryPoint\",\"urlTemplate\":\"https:\\\/\\\/www.henaff.com\\\/en\\\/?s={search_term_string}\"},\"query-input\":{\"@type\":\"PropertyValueSpecification\",\"valueRequired\":true,\"valueName\":\"search_term_string\"}}],\"inLanguage\":\"en-US\"}]}<\/script>\n<!-- \/ Yoast SEO plugin. -->","yoast_head_json":{"title":"Rillettes of meat : Pork, Chicken, Duck and Goose - H\u00e9naff","robots":{"index":"index","follow":"follow","max-snippet":"max-snippet:-1","max-image-preview":"max-image-preview:large","max-video-preview":"max-video-preview:-1"},"canonical":"https:\/\/www.henaff.com\/en\/rillettes-of-meat\/","og_locale":"en_US","og_type":"article","og_title":"Rillettes of meat : Pork, Chicken, Duck and Goose - H\u00e9naff","og_description":"Good rillettes just the way we like them&#8230; At H\u00e9naff, [&hellip;]","og_url":"https:\/\/www.henaff.com\/en\/rillettes-of-meat\/","og_site_name":"H\u00e9naff","article_modified_time":"2024-11-29T16:13:35+00:00","twitter_card":"summary_large_image","schema":{"@context":"https:\/\/schema.org","@graph":[{"@type":"WebPage","@id":"https:\/\/www.henaff.com\/en\/rillettes-of-meat\/","url":"https:\/\/www.henaff.com\/en\/rillettes-of-meat\/","name":"Rillettes of meat : Pork, Chicken, Duck and Goose - H\u00e9naff","isPartOf":{"@id":"https:\/\/www.henaff.com\/en\/#website"},"datePublished":"2024-11-28T10:48:57+00:00","dateModified":"2024-11-29T16:13:35+00:00","breadcrumb":{"@id":"https:\/\/www.henaff.com\/en\/rillettes-of-meat\/#breadcrumb"},"inLanguage":"en-US","potentialAction":[{"@type":"ReadAction","target":["https:\/\/www.henaff.com\/en\/rillettes-of-meat\/"]}]},{"@type":"BreadcrumbList","@id":"https:\/\/www.henaff.com\/en\/rillettes-of-meat\/#breadcrumb","itemListElement":[{"@type":"ListItem","position":1,"name":"Accueil","item":"https:\/\/www.henaff.com\/en\/"},{"@type":"ListItem","position":2,"name":"Rillettes of meat"}]},{"@type":"WebSite","@id":"https:\/\/www.henaff.com\/en\/#website","url":"https:\/\/www.henaff.com\/en\/","name":"H\u00e9naff","description":"Fabricant-cr\u00e9ateur breton de produits agro-alimentaires de haute qualit\u00e9 depuis 1907","potentialAction":[{"@type":"SearchAction","target":{"@type":"EntryPoint","urlTemplate":"https:\/\/www.henaff.com\/en\/?s={search_term_string}"},"query-input":{"@type":"PropertyValueSpecification","valueRequired":true,"valueName":"search_term_string"}}],"inLanguage":"en-US"}]}},"_links":{"self":[{"href":"https:\/\/www.henaff.com\/en\/wp-json\/wp\/v2\/pages\/6816","targetHints":{"allow":["GET"]}}],"collection":[{"href":"https:\/\/www.henaff.com\/en\/wp-json\/wp\/v2\/pages"}],"about":[{"href":"https:\/\/www.henaff.com\/en\/wp-json\/wp\/v2\/types\/page"}],"author":[{"embeddable":true,"href":"https:\/\/www.henaff.com\/en\/wp-json\/wp\/v2\/users\/22"}],"replies":[{"embeddable":true,"href":"https:\/\/www.henaff.com\/en\/wp-json\/wp\/v2\/comments?post=6816"}],"version-history":[{"count":1,"href":"https:\/\/www.henaff.com\/en\/wp-json\/wp\/v2\/pages\/6816\/revisions"}],"predecessor-version":[{"id":7192,"href":"https:\/\/www.henaff.com\/en\/wp-json\/wp\/v2\/pages\/6816\/revisions\/7192"}],"wp:attachment":[{"href":"https:\/\/www.henaff.com\/en\/wp-json\/wp\/v2\/media?parent=6816"}],"curies":[{"name":"wp","href":"https:\/\/api.w.org\/{rel}","templated":true}]}}