{"id":6821,"date":"2024-11-28T11:48:59","date_gmt":"2024-11-28T10:48:59","guid":{"rendered":"https:\/\/www.henaff.com\/sausages\/"},"modified":"2024-11-29T17:13:31","modified_gmt":"2024-11-29T16:13:31","slug":"sausages","status":"publish","type":"page","link":"https:\/\/www.henaff.com\/en\/sausages\/","title":{"rendered":"Sausages"},"content":{"rendered":"<p><strong>Mmh &#8230; A unique sausage.   <\/strong>Since 1995, H\u00e9naff has been making gourmet sausages! The secret? A short list of ingredients: fresh meat, salt and pepper. Unlike pork butchers who make their sausages from the smallest cuts, H\u00e9naff sausages are made from every part of the pig, including the finest. That&#8217;s how we get that delicious roast-pig taste. Made with love in Pouldreuzic (29).<br \/>\nPS: 100% of these pigs come from local breeders, committed to our <a href=\"https:\/\/www.henaff.com\/filiere\/\" target=\"_blank\" rel=\"noopener\">responsible production chain<\/a>.     <\/p>\n","protected":false},"excerpt":{"rendered":"<p>Mmh &#8230; A unique sausage. Since 1995, H\u00e9naff has been [&hellip;]<\/p>\n","protected":false},"author":22,"featured_media":0,"parent":0,"menu_order":0,"comment_status":"closed","ping_status":"closed","template":"page-templates\/template_gamme_2.php","meta":{"_acf_changed":false,"inline_featured_image":false,"footnotes":""},"class_list":["post-6821","page","type-page","status-publish","hentry"],"acf":[],"yoast_head":"<!-- This site is optimized with the Yoast SEO plugin v26.6 - https:\/\/yoast.com\/wordpress\/plugins\/seo\/ -->\n<title>Fresh sausage: small and large sausages, plain, spicy and with herbs - H\u00e9naff<\/title>\n<meta name=\"robots\" content=\"index, follow, max-snippet:-1, max-image-preview:large, max-video-preview:-1\" \/>\n<link rel=\"canonical\" href=\"https:\/\/www.henaff.com\/en\/sausages\/\" \/>\n<meta property=\"og:locale\" content=\"en_US\" \/>\n<meta property=\"og:type\" content=\"article\" \/>\n<meta property=\"og:title\" content=\"Fresh sausage: small and large sausages, plain, spicy and with herbs - H\u00e9naff\" \/>\n<meta property=\"og:description\" content=\"Mmh &#8230; A unique sausage. Since 1995, H\u00e9naff has been [&hellip;]\" \/>\n<meta property=\"og:url\" content=\"https:\/\/www.henaff.com\/en\/sausages\/\" \/>\n<meta property=\"og:site_name\" content=\"H\u00e9naff\" \/>\n<meta property=\"article:modified_time\" content=\"2024-11-29T16:13:31+00:00\" \/>\n<meta name=\"twitter:card\" content=\"summary_large_image\" \/>\n<script type=\"application\/ld+json\" class=\"yoast-schema-graph\">{\"@context\":\"https:\/\/schema.org\",\"@graph\":[{\"@type\":\"WebPage\",\"@id\":\"https:\/\/www.henaff.com\/en\/sausages\/\",\"url\":\"https:\/\/www.henaff.com\/en\/sausages\/\",\"name\":\"Fresh sausage: small and large sausages, plain, spicy and with herbs - H\u00e9naff\",\"isPartOf\":{\"@id\":\"https:\/\/www.henaff.com\/en\/#website\"},\"datePublished\":\"2024-11-28T10:48:59+00:00\",\"dateModified\":\"2024-11-29T16:13:31+00:00\",\"breadcrumb\":{\"@id\":\"https:\/\/www.henaff.com\/en\/sausages\/#breadcrumb\"},\"inLanguage\":\"en-US\",\"potentialAction\":[{\"@type\":\"ReadAction\",\"target\":[\"https:\/\/www.henaff.com\/en\/sausages\/\"]}]},{\"@type\":\"BreadcrumbList\",\"@id\":\"https:\/\/www.henaff.com\/en\/sausages\/#breadcrumb\",\"itemListElement\":[{\"@type\":\"ListItem\",\"position\":1,\"name\":\"Accueil\",\"item\":\"https:\/\/www.henaff.com\/en\/\"},{\"@type\":\"ListItem\",\"position\":2,\"name\":\"Sausages\"}]},{\"@type\":\"WebSite\",\"@id\":\"https:\/\/www.henaff.com\/en\/#website\",\"url\":\"https:\/\/www.henaff.com\/en\/\",\"name\":\"H\u00e9naff\",\"description\":\"Fabricant-cr\u00e9ateur breton de produits agro-alimentaires de haute qualit\u00e9 depuis 1907\",\"potentialAction\":[{\"@type\":\"SearchAction\",\"target\":{\"@type\":\"EntryPoint\",\"urlTemplate\":\"https:\/\/www.henaff.com\/en\/?s={search_term_string}\"},\"query-input\":{\"@type\":\"PropertyValueSpecification\",\"valueRequired\":true,\"valueName\":\"search_term_string\"}}],\"inLanguage\":\"en-US\"}]}<\/script>\n<!-- \/ Yoast SEO plugin. -->","yoast_head_json":{"title":"Fresh sausage: small and large sausages, plain, spicy and with herbs - H\u00e9naff","robots":{"index":"index","follow":"follow","max-snippet":"max-snippet:-1","max-image-preview":"max-image-preview:large","max-video-preview":"max-video-preview:-1"},"canonical":"https:\/\/www.henaff.com\/en\/sausages\/","og_locale":"en_US","og_type":"article","og_title":"Fresh sausage: small and large sausages, plain, spicy and with herbs - H\u00e9naff","og_description":"Mmh &#8230; A unique sausage. Since 1995, H\u00e9naff has been [&hellip;]","og_url":"https:\/\/www.henaff.com\/en\/sausages\/","og_site_name":"H\u00e9naff","article_modified_time":"2024-11-29T16:13:31+00:00","twitter_card":"summary_large_image","schema":{"@context":"https:\/\/schema.org","@graph":[{"@type":"WebPage","@id":"https:\/\/www.henaff.com\/en\/sausages\/","url":"https:\/\/www.henaff.com\/en\/sausages\/","name":"Fresh sausage: small and large sausages, plain, spicy and with herbs - H\u00e9naff","isPartOf":{"@id":"https:\/\/www.henaff.com\/en\/#website"},"datePublished":"2024-11-28T10:48:59+00:00","dateModified":"2024-11-29T16:13:31+00:00","breadcrumb":{"@id":"https:\/\/www.henaff.com\/en\/sausages\/#breadcrumb"},"inLanguage":"en-US","potentialAction":[{"@type":"ReadAction","target":["https:\/\/www.henaff.com\/en\/sausages\/"]}]},{"@type":"BreadcrumbList","@id":"https:\/\/www.henaff.com\/en\/sausages\/#breadcrumb","itemListElement":[{"@type":"ListItem","position":1,"name":"Accueil","item":"https:\/\/www.henaff.com\/en\/"},{"@type":"ListItem","position":2,"name":"Sausages"}]},{"@type":"WebSite","@id":"https:\/\/www.henaff.com\/en\/#website","url":"https:\/\/www.henaff.com\/en\/","name":"H\u00e9naff","description":"Fabricant-cr\u00e9ateur breton de produits agro-alimentaires de haute qualit\u00e9 depuis 1907","potentialAction":[{"@type":"SearchAction","target":{"@type":"EntryPoint","urlTemplate":"https:\/\/www.henaff.com\/en\/?s={search_term_string}"},"query-input":{"@type":"PropertyValueSpecification","valueRequired":true,"valueName":"search_term_string"}}],"inLanguage":"en-US"}]}},"_links":{"self":[{"href":"https:\/\/www.henaff.com\/en\/wp-json\/wp\/v2\/pages\/6821","targetHints":{"allow":["GET"]}}],"collection":[{"href":"https:\/\/www.henaff.com\/en\/wp-json\/wp\/v2\/pages"}],"about":[{"href":"https:\/\/www.henaff.com\/en\/wp-json\/wp\/v2\/types\/page"}],"author":[{"embeddable":true,"href":"https:\/\/www.henaff.com\/en\/wp-json\/wp\/v2\/users\/22"}],"replies":[{"embeddable":true,"href":"https:\/\/www.henaff.com\/en\/wp-json\/wp\/v2\/comments?post=6821"}],"version-history":[{"count":1,"href":"https:\/\/www.henaff.com\/en\/wp-json\/wp\/v2\/pages\/6821\/revisions"}],"predecessor-version":[{"id":7188,"href":"https:\/\/www.henaff.com\/en\/wp-json\/wp\/v2\/pages\/6821\/revisions\/7188"}],"wp:attachment":[{"href":"https:\/\/www.henaff.com\/en\/wp-json\/wp\/v2\/media?parent=6821"}],"curies":[{"name":"wp","href":"https:\/\/api.w.org\/{rel}","templated":true}]}}