{"id":6829,"date":"2024-11-28T11:49:04","date_gmt":"2024-11-28T10:49:04","guid":{"rendered":"https:\/\/www.henaff.com\/boutique-de-france\/"},"modified":"2024-11-29T16:44:09","modified_gmt":"2024-11-29T15:44:09","slug":"boutique-de-france","status":"publish","type":"page","link":"https:\/\/www.henaff.com\/en\/boutique-de-france\/","title":{"rendered":"Boutique de France"},"content":{"rendered":"","protected":false},"excerpt":{"rendered":"","protected":false},"author":22,"featured_media":0,"parent":0,"menu_order":0,"comment_status":"closed","ping_status":"closed","template":"page-templates\/template_boutique_de_france.php","meta":{"_acf_changed":false,"inline_featured_image":false,"footnotes":""},"class_list":["post-6829","page","type-page","status-publish","hentry"],"acf":[],"yoast_head":"<!-- This site is optimized with the Yoast SEO plugin v27.3 - https:\/\/yoast.com\/product\/yoast-seo-wordpress\/ -->\n<title>Boutique de France - Fine Food For Gourmet Importers | H\u00e9naff.com<\/title>\n<meta name=\"description\" content=\"Boutique de France exports charcuterie classics and premium spreads on the five continents and even in the space!\" \/>\n<meta name=\"robots\" content=\"index, follow, max-snippet:-1, max-image-preview:large, max-video-preview:-1\" \/>\n<link rel=\"canonical\" href=\"https:\/\/www.henaff.com\/en\/boutique-de-france\/\" \/>\n<meta property=\"og:locale\" content=\"en_US\" \/>\n<meta property=\"og:type\" content=\"article\" \/>\n<meta property=\"og:title\" content=\"Boutique de France - Fine Food For Gourmet Importers | H\u00e9naff.com\" \/>\n<meta property=\"og:description\" content=\"Boutique de France exports charcuterie classics and premium spreads on the five continents and even in the space!\" \/>\n<meta property=\"og:url\" content=\"https:\/\/www.henaff.com\/en\/boutique-de-france\/\" \/>\n<meta property=\"og:site_name\" content=\"H\u00e9naff\" \/>\n<meta property=\"article:modified_time\" content=\"2024-11-29T15:44:09+00:00\" \/>\n<meta name=\"twitter:card\" content=\"summary_large_image\" \/>\n<script type=\"application\/ld+json\" class=\"yoast-schema-graph\">{\"@context\":\"https:\\\/\\\/schema.org\",\"@graph\":[{\"@type\":\"WebPage\",\"@id\":\"https:\\\/\\\/www.henaff.com\\\/en\\\/boutique-de-france\\\/\",\"url\":\"https:\\\/\\\/www.henaff.com\\\/en\\\/boutique-de-france\\\/\",\"name\":\"Boutique de France - Fine Food For Gourmet Importers | H\u00e9naff.com\",\"isPartOf\":{\"@id\":\"https:\\\/\\\/www.henaff.com\\\/en\\\/#website\"},\"datePublished\":\"2024-11-28T10:49:04+00:00\",\"dateModified\":\"2024-11-29T15:44:09+00:00\",\"description\":\"Boutique de France exports charcuterie classics and premium spreads on the five continents and even in the space!\",\"breadcrumb\":{\"@id\":\"https:\\\/\\\/www.henaff.com\\\/en\\\/boutique-de-france\\\/#breadcrumb\"},\"inLanguage\":\"en-US\",\"potentialAction\":[{\"@type\":\"ReadAction\",\"target\":[\"https:\\\/\\\/www.henaff.com\\\/en\\\/boutique-de-france\\\/\"]}]},{\"@type\":\"BreadcrumbList\",\"@id\":\"https:\\\/\\\/www.henaff.com\\\/en\\\/boutique-de-france\\\/#breadcrumb\",\"itemListElement\":[{\"@type\":\"ListItem\",\"position\":1,\"name\":\"Accueil\",\"item\":\"https:\\\/\\\/www.henaff.com\\\/en\\\/\"},{\"@type\":\"ListItem\",\"position\":2,\"name\":\"Boutique de France\"}]},{\"@type\":\"WebSite\",\"@id\":\"https:\\\/\\\/www.henaff.com\\\/en\\\/#website\",\"url\":\"https:\\\/\\\/www.henaff.com\\\/en\\\/\",\"name\":\"H\u00e9naff\",\"description\":\"Fabricant-cr\u00e9ateur breton de produits agro-alimentaires de haute qualit\u00e9 depuis 1907\",\"potentialAction\":[{\"@type\":\"SearchAction\",\"target\":{\"@type\":\"EntryPoint\",\"urlTemplate\":\"https:\\\/\\\/www.henaff.com\\\/en\\\/?s={search_term_string}\"},\"query-input\":{\"@type\":\"PropertyValueSpecification\",\"valueRequired\":true,\"valueName\":\"search_term_string\"}}],\"inLanguage\":\"en-US\"}]}<\/script>\n<!-- \/ Yoast SEO plugin. -->","yoast_head_json":{"title":"Boutique de France - Fine Food For Gourmet Importers | H\u00e9naff.com","description":"Boutique de France exports charcuterie classics and premium spreads on the five continents and even in the space!","robots":{"index":"index","follow":"follow","max-snippet":"max-snippet:-1","max-image-preview":"max-image-preview:large","max-video-preview":"max-video-preview:-1"},"canonical":"https:\/\/www.henaff.com\/en\/boutique-de-france\/","og_locale":"en_US","og_type":"article","og_title":"Boutique de France - Fine Food For Gourmet Importers | H\u00e9naff.com","og_description":"Boutique de France exports charcuterie classics and premium spreads on the five continents and even in the space!","og_url":"https:\/\/www.henaff.com\/en\/boutique-de-france\/","og_site_name":"H\u00e9naff","article_modified_time":"2024-11-29T15:44:09+00:00","twitter_card":"summary_large_image","schema":{"@context":"https:\/\/schema.org","@graph":[{"@type":"WebPage","@id":"https:\/\/www.henaff.com\/en\/boutique-de-france\/","url":"https:\/\/www.henaff.com\/en\/boutique-de-france\/","name":"Boutique de France - Fine Food For Gourmet Importers | H\u00e9naff.com","isPartOf":{"@id":"https:\/\/www.henaff.com\/en\/#website"},"datePublished":"2024-11-28T10:49:04+00:00","dateModified":"2024-11-29T15:44:09+00:00","description":"Boutique de France exports charcuterie classics and premium spreads on the five continents and even in the space!","breadcrumb":{"@id":"https:\/\/www.henaff.com\/en\/boutique-de-france\/#breadcrumb"},"inLanguage":"en-US","potentialAction":[{"@type":"ReadAction","target":["https:\/\/www.henaff.com\/en\/boutique-de-france\/"]}]},{"@type":"BreadcrumbList","@id":"https:\/\/www.henaff.com\/en\/boutique-de-france\/#breadcrumb","itemListElement":[{"@type":"ListItem","position":1,"name":"Accueil","item":"https:\/\/www.henaff.com\/en\/"},{"@type":"ListItem","position":2,"name":"Boutique de France"}]},{"@type":"WebSite","@id":"https:\/\/www.henaff.com\/en\/#website","url":"https:\/\/www.henaff.com\/en\/","name":"H\u00e9naff","description":"Fabricant-cr\u00e9ateur breton de produits agro-alimentaires de haute qualit\u00e9 depuis 1907","potentialAction":[{"@type":"SearchAction","target":{"@type":"EntryPoint","urlTemplate":"https:\/\/www.henaff.com\/en\/?s={search_term_string}"},"query-input":{"@type":"PropertyValueSpecification","valueRequired":true,"valueName":"search_term_string"}}],"inLanguage":"en-US"}]}},"_links":{"self":[{"href":"https:\/\/www.henaff.com\/en\/wp-json\/wp\/v2\/pages\/6829","targetHints":{"allow":["GET"]}}],"collection":[{"href":"https:\/\/www.henaff.com\/en\/wp-json\/wp\/v2\/pages"}],"about":[{"href":"https:\/\/www.henaff.com\/en\/wp-json\/wp\/v2\/types\/page"}],"author":[{"embeddable":true,"href":"https:\/\/www.henaff.com\/en\/wp-json\/wp\/v2\/users\/22"}],"replies":[{"embeddable":true,"href":"https:\/\/www.henaff.com\/en\/wp-json\/wp\/v2\/comments?post=6829"}],"version-history":[{"count":1,"href":"https:\/\/www.henaff.com\/en\/wp-json\/wp\/v2\/pages\/6829\/revisions"}],"predecessor-version":[{"id":7178,"href":"https:\/\/www.henaff.com\/en\/wp-json\/wp\/v2\/pages\/6829\/revisions\/7178"}],"wp:attachment":[{"href":"https:\/\/www.henaff.com\/en\/wp-json\/wp\/v2\/media?parent=6829"}],"curies":[{"name":"wp","href":"https:\/\/api.w.org\/{rel}","templated":true}]}}